{"id":13605,"date":"2021-04-30T06:49:24","date_gmt":"2021-04-30T05:49:24","guid":{"rendered":"https:\/\/inoxfucine.it\/about-us\/"},"modified":"2025-10-15T10:00:57","modified_gmt":"2025-10-15T09:00:57","slug":"chi-siamo","status":"publish","type":"page","link":"https:\/\/inoxfucine.it\/it\/chi-siamo\/","title":{"rendered":"Chi Siamo"},"content":{"rendered":"<div class=\"wpb-content-wrapper\"><p>[vc_row cspt-bg-color=&#8221;white&#8221; full_width=&#8221;stretch_row&#8221; content_placement=&#8221;top&#8221; cspt-responsive-css=&#8221;23213412|colbreak_yes|||||||||colbreak_no|||||||||colbreak_no||||||||||colbreak_no|||||||||&#8221;][vc_column width=&#8221;1\/2&#8243;][vc_single_image image=&#8221;13477&#8243; img_size=&#8221;640&#215;480&#8243; alignment=&#8221;center&#8221; style=&#8221;vc_box_shadow_border&#8221; css=&#8221;.vc_custom_1618332489871{margin-bottom: 0px !important;padding-top: 40px !important;padding-left: 40px !important;}&#8221; el_class=&#8221;cspt-effect-square cspt-effect-dot&#8221;][\/vc_column][vc_column width=&#8221;1\/2&#8243; css=&#8221;.vc_custom_1556859676745{margin-top: 10px !important;}&#8221; cspt-responsive-css=&#8221;71728225|colbreak_no|50||||||||colbreak_no|||||||||colbreak_no||||||||||colbreak_no|||||||||&#8221;][vc_column_text css=&#8221;.vc_custom_1620397741000{margin-bottom: 25px !important;}&#8221;]Inoxfucine si impegna ad offrire valide soluzioni ai clienti garantendo affidabilit\u00e0, capacit\u00e0, professionalit\u00e0, passione, precisione e attenzione ai dettagli.<\/p>\n<p>Questi aspetti sono arricchiti dalla vasta rete commerciale di Inoxfucine che consente di assistere tempestivamente tutti i clienti. Negli anni abbiamo stabilito rapporti a lungo termine con fornitori strategici e agenti di vendita in tutto il mondo.<\/p>\n<p>Questa strategia ha consentito a Inoxfucine di aggiudicarsi importanti ordini per progetti prestigiosi e di rafforzare la presenza internazionale.[\/vc_column_text][vc_btn title=&#8221;Scarica il nostro profilo aziendale&#8221; css=&#8221;&#8221; link=&#8221;url:https%3A%2F%2Ffastbluetuna.wpcomstaging.com%2Fwp-content%2Fuploads%2FInoxfucine_SpA_2021_company_profile_05.pdf|title:Scarica|target:_blank&#8221;][\/vc_column][\/vc_row][vc_row cspt-bg-color=&#8221;white&#8221; full_width=&#8221;stretch_row&#8221; content_placement=&#8221;top&#8221; cspt-responsive-css=&#8221;23213412|colbreak_yes|||||||||colbreak_no|||||||||colbreak_no||||||||||colbreak_no|||||||||&#8221;][vc_column width=&#8221;1\/2&#8243;][vc_column_text css=&#8221;.vc_custom_1621609579608{margin-bottom: 25px !important;}&#8221;]Siamo specializzati nell\u2019open die forging (forgiatura a caldo), laminazione, stampaggio e relative lavorazioni sui materiali come: acciaio al carbonio, acciaio basso legato, acciaio inossidabile ferritico, acciaio inossidabile martensitico, acciaio inossidabile austenitico, Acciaio inossidabile bifasico (duplex e super-duplex), acciaio inossidabile e leghe indurite per invecchiamento, leghe di nichel, titanio e leghe di titanio e leghe di rame. La divisione forgiati fornisce principalmente: anelli, bussole, barre, piatti, flange, sfere, dischi e articoli speciali.<\/p>\n<p>Invece attraverso la divisione filtri Conaco progettiamo e produciamo filtri di tipo TEE (bath-tub e angle fino a 80 &#8220;), temporanei, a cestello, a Y fabricated e casting nonch\u00e9 prodotti speciali come sample coolers, sight glasses, spectacle blinds, exhaust heads, injection quills e giunti di regolazione.[\/vc_column_text][\/vc_column][vc_column width=&#8221;1\/2&#8243; css=&#8221;.vc_custom_1556859676745{margin-top: 10px !important;}&#8221; cspt-responsive-css=&#8221;71728225|colbreak_no|50||||||||colbreak_no|||||||||colbreak_no||||||||||colbreak_no|||||||||&#8221;][vc_empty_space height=&#8221;48px&#8221;][vc_single_image image=&#8221;13368&#8243; img_size=&#8221;large&#8221; alignment=&#8221;center&#8221; css=&#8221;.vc_custom_1617291947315{margin-bottom: 0px !important;padding-top: 40px !important;padding-left: 40px !important;}&#8221;][vc_empty_space][vc_single_image image=&#8221;13369&#8243; img_size=&#8221;large&#8221; alignment=&#8221;center&#8221; css=&#8221;.vc_custom_1617291954343{margin-bottom: 0px !important;padding-top: 40px !important;padding-left: 40px !important;}&#8221;][\/vc_column][\/vc_row][vc_row cspt-bg-color=&#8221;white&#8221; full_width=&#8221;stretch_row&#8221; content_placement=&#8221;top&#8221; cspt-responsive-css=&#8221;23213412|colbreak_yes|||||||||colbreak_no|||||||||colbreak_no||||||||||colbreak_no|||||||||&#8221;][vc_column cspt-text-color=&#8221;white&#8221; cspt-bg-color=&#8221;white&#8221; cspt-bg-image-position=&#8221;center-center&#8221; width=&#8221;1\/2&#8243;][vc_single_image image=&#8221;13277&#8243; img_size=&#8221;medium&#8221; alignment=&#8221;center&#8221;][vc_single_image image=&#8221;16627&#8243; img_size=&#8221;medium&#8221; alignment=&#8221;center&#8221; css=&#8221;&#8221;][\/vc_column][vc_column width=&#8221;1\/2&#8243; css=&#8221;.vc_custom_1556859676745{margin-top: 10px !important;}&#8221; cspt-responsive-css=&#8221;71728225|colbreak_no|50||||||||colbreak_no|||||||||colbreak_no||||||||||colbreak_no|||||||||&#8221;][vc_column_text css=&#8221;.vc_custom_1620399293200{margin-bottom: 25px !important;}&#8221;]Dal 2014 Inoxfucine fa parte del \u201cGruppo Elite\u201d (Borsa Italiana S.p.a.), una piattaforma di aziende private accuratamente selezionate attraverso criteri rigorosi quali redditivit\u00e0, crescita, gestione e trend di mercato.<\/p>\n<p>Elite Community ha contribuito a migliorare le capacit\u00e0 finanziarie e ad ampliare il panorama imprenditoriale. Inoxfucine, appartenente alla Comunit\u00e0, agisce seguendo rigorosamente le migliori pratiche per conformarsi alle normative di Borsa anche se come azienda privata.<\/p>\n<p>Infine, Inoxfucine \u00e8 iscritta ad Assolombarda, la pi\u00f9 grande associazione territoriale dell&#8217;intero sistema imprenditoriale in Italia, parte di Confindustria.[\/vc_column_text][\/vc_column][\/vc_row][vc_row][vc_column][vc_tta_accordion c_icon=&#8221;&#8221; active_section=&#8221;1&#8243; title=&#8221;La Nostra Storia&#8221;][vc_tta_section title=&#8221;1963 &#8211; 1969&#8243; tab_id=&#8221;1612870835947-3f825f0f-b7c7&#8243;][vc_column_text]<\/p>\n<ul>\n<li>Inoxfucine S.p.A. con sede a Montanaso Lombardo, \u00e8 stata fondata nel 1963 dal Dott. Pietro Pugassi insieme a Gianfranco Guindani.\u00a0 \u00a0 \u00a0 \u00a0 \u00a0 \u00a0 \u00a0 \u00a0 Fin dall&#8217;inizio Inoxfucine si \u00e8 occupata principalmente dello sviluppo di leghe metalliche speciali per impianti chimici, farmaceutici e alimentari.<\/li>\n<li>Negli anni l&#8217;Azienda ha sempre seguito da vicino tutto lo sviluppo e l&#8217;integrazione di nuove leghe metalliche. Grazie a questo approccio, Inoxfucine si \u00e8 dotata di attrezzature tecnologicamente avanzate per l\u2019open die forging di acciai inossidabili tra cui leghe duplex e super-duplex, leghe di nichel e acciaio al carbonio.<\/li>\n<\/ul>\n<p>[\/vc_column_text][\/vc_tta_section][vc_tta_section title=&#8221;1970 &#8211; 1982&#8243; tab_id=&#8221;1612870836004-98d0f728-fe57&#8243;][vc_column_text]<\/p>\n<ul>\n<li>Nei primi anni dalla sua costituzione, Inoxfucine ha attuato un piano di investimenti finalizzato ad avviare l&#8217;attivit\u00e0 con lo sviluppo di macchinari e know-how per il trattamento termico dell&#8217;acciaio inox, che ha consentito l&#8217;ingresso nella fornitura di componenti forgiati anche per l&#8217;industria automobilistica.<\/li>\n<li>Nel 1982, per aumentare le categorie di prodotto, Inoxfucine ha acquisito il 51% di Conaco, una PMI impegnata nella produzione e vendita di componenti per piping.<\/li>\n<\/ul>\n<p>[\/vc_column_text][\/vc_tta_section][vc_tta_section title=&#8221;1983 &#8211; 1993&#8243; tab_id=&#8221;1612870840980-279c7996-787c&#8221;][vc_column_text]<\/p>\n<ul>\n<li>In questo decennio, Conaco \u00e8 stata completamente incorporata in Inoxfucine e si \u00e8 specializzata nella produzione di un&#8217;ampia gamma di filtri di tipo &#8220;Y&#8221; cast, inclusi modelli per tutte le misure da 1\/2 &#8220;a 24&#8221; e tutti i rating da # 150 psi a #4.500 psi.<\/li>\n<li>La gamma di produzione comprende anche filtri bath-tub di tipo TEE, filtri inline a cestello singolo e filtri temporanei da 2\u201d fino a 80\u201d. I materiali da costruzione sono acciaio al carbonio, acciaio inossidabile, metalli non ferrosi e austenitici.<\/li>\n<li>La divisione forgiati Inoxfucine ha perseguito il piano di espansione nel mercato dell\u2019open die forging attraverso investimenti per laminatoi, impianti di lavorazione e un laboratorio specializzato per eseguire internamente tutte le prove meccaniche e metallurgiche.<\/li>\n<li>In tutto questo periodo, Inoxfucine si \u00e8 costruita un&#8217;importante reputazione\u00a0 nella fornitura di prodotti in settori strategici come nucleare, aerospaziale e sanitario, mantenendo sempre la leadership anche per settori trainanti come chimico, alimentare e farmaceutico.<\/li>\n<\/ul>\n<p>[\/vc_column_text][\/vc_tta_section][vc_tta_section title=&#8221;1994 &#8211; 2005&#8243; tab_id=&#8221;1612870842128-57b6a9a2-f819&#8243;][vc_column_text]<\/p>\n<ul>\n<li>Inoxfucine ha avviato negli anni il processo di evoluzione specializzandosi anche nella componentistica per valvole nell&#8217;industria oil &amp; gas diventando un eccellente fornitore grazie all&#8217;esperienza maturata nella trasformazione e lavorazione di leghe speciali di titanio e nella forgiatura di leghe duplex e super-duplex.<\/li>\n<li>Per competere a livello globale, Inoxfucine ha ampliato il proprio sito produttivo e aumentato in modo esponenziale le proprie capacit\u00e0 tecniche attraverso l&#8217;integrazione di nuovi macchinari e collaboratori altamente specializzati.<\/li>\n<li>La Societ\u00e0 ha finalizzato una riorganizzazione proprietaria attraverso un MBO in sostituzione degli stakeholders non pi\u00f9 coinvolti nella gestione operativa. Successivamente, Inoxfucine ha venduto strategicamente i terreni e gli edifici alla societ\u00e0 immobiliare Alulochi, societ\u00e0 di nuova costituzione ora denominata Inoxfucine Group.<\/li>\n<\/ul>\n<p>[\/vc_column_text][\/vc_tta_section][vc_tta_section title=&#8221;2006 &#8211; 2012&#8243; tab_id=&#8221;1612870843071-99d540c9-011c&#8221;][vc_column_text]<\/p>\n<ul>\n<li>Inoxfucine ha completato la strategia di ampliamento dello stabilimento produttivo finalizzato a predisporre spazi adeguati per future installazioni di macchinari<\/li>\n<li>Il Management ha definito l&#8217;accordo per lo scorporo della divisione Conaco formando due entit\u00e0 giuridiche separate e realizzato il passaggio generazionale.<\/li>\n<li>Inoxfucine ha perseguito l&#8217;ambizioso piano per le certificazioni ISO 9001, 14001, 45001. Recentemente sono state rinnovate con successo fino al 2023.<\/li>\n<\/ul>\n<p>[\/vc_column_text][\/vc_tta_section][vc_tta_section title=&#8221;2013 &#8211; 2019&#8243; tab_id=&#8221;1612870843978-6e3b446b-2a4d&#8221;][vc_column_text]In questi 6 anni Inoxfucine ha compiuto passi fondamentali per la sua crescita quali:<\/p>\n<ul>\n<li>Celebrazione 50 anni di attivit\u00e0 dalla sua fondazione<\/li>\n<li>Conformit\u00e0 ai requisiti standard pi\u00f9 elevati ottenendo certificazioni di prodotto come Norsok M-650<\/li>\n<li>Inclusione nell&#8217;elenco dei fornitori di EPC di tutto il mondo<\/li>\n<li>Autorizzazione ASME (Conaco)<\/li>\n<li>Ammissione al \u201cGruppo Elite\u201d di Borsa Italiana<\/li>\n<li>Associazione ad Assolombarda<\/li>\n<li>Investimenti focalizzati sull&#8217;Industria 4.0 rendendo la gamma di prodotti pi\u00f9 ampia e adatta alle richieste pi\u00f9 esigenti<\/li>\n<li>Ottenimento dei benefici fiscali Patent Box, riconoscimento ufficiale rilasciato dall&#8217;Agenzia delle Entrate italiana che conferma i vantaggi competitivi del know-how e delle applicazioni software sia per Inoxfucine che per Conaco nel loro specifico segmento di mercato<\/li>\n<li>Acquisizione e incorporazione di Conaco che va verso la crescita dimensionale e l&#8217;internazionalizzazione del business di Inoxfucine<\/li>\n<\/ul>\n<p>[\/vc_column_text][\/vc_tta_section][vc_tta_section title=&#8221;2020 &#8211; Oggi&#8221; tab_id=&#8221;1615808879116-209bd922-7e58&#8243;][vc_column_text]<\/p>\n<ul>\n<li>Di recente Inoxfucine ha realizzato una nuova struttura ecosostenibile che rende pi\u00f9 efficienti le attivit\u00e0 di taglio e incrementa il processo di lavorazione riducendo l&#8217;impatto ambientale.<\/li>\n<li>Oggi Inoxfucine attraverso la sua esperienza e capacit\u00e0 produttiva garantisce sempre pi\u00f9 alta qualit\u00e0 e personalizzazione per ogni tipologia di prodotto al fine di soddisfare al meglio le esigenze del cliente.<\/li>\n<li>La divisione Conaco rappresenta un valore unico per Inoxfucine grazie alla sua solida reputazione presso le maggiori societ\u00e0 di ingegneria internazionali nel mondo come top designer e produttore di filtri per piping<\/li>\n<\/ul>\n<p>[\/vc_column_text][\/vc_tta_section][\/vc_tta_accordion][\/vc_column][\/vc_row]<\/p>\n<\/div>","protected":false},"excerpt":{"rendered":"<p>[vc_row cspt-bg-color=&#8221;white&#8221; full_width=&#8221;stretch_row&#8221; content_placement=&#8221;top&#8221; cspt-responsive-css=&#8221;23213412|colbreak_yes|||||||||colbreak_no|||||||||colbreak_no||||||||||colbreak_no|||||||||&#8221;][vc_column width=&#8221;1\/2&#8243;][vc_single_image image=&#8221;13477&#8243; img_size=&#8221;640&#215;480&#8243; alignment=&#8221;center&#8221; style=&#8221;vc_box_shadow_border&#8221; css=&#8221;.vc_custom_1618332489871{margin-bottom: 0px !important;padding-top: 40px !important;padding-left: 40px !important;}&#8221; el_class=&#8221;cspt-effect-square cspt-effect-dot&#8221;][\/vc_column][vc_column width=&#8221;1\/2&#8243; css=&#8221;.vc_custom_1556859676745{margin-top: 10px !important;}&#8221; cspt-responsive-css=&#8221;71728225|colbreak_no|50||||||||colbreak_no|||||||||colbreak_no||||||||||colbreak_no|||||||||&#8221;][vc_column_text css=&#8221;.vc_custom_1620397741000{margin-bottom: 25px !important;}&#8221;]Inoxfucine si impegna ad offrire valide soluzioni ai clienti garantendo affidabilit\u00e0, capacit\u00e0, professionalit\u00e0, passione, precisione e attenzione ai dettagli. Questi aspetti sono arricchiti dalla vasta rete commerciale di Inoxfucine [&hellip;]<\/p>\n","protected":false},"author":1,"featured_media":0,"parent":0,"menu_order":1,"comment_status":"closed","ping_status":"closed","template":"","meta":{"_acf_changed":false,"advanced_seo_description":"","jetpack_seo_html_title":"","jetpack_seo_noindex":false,"footnotes":""},"class_list":["post-13605","page","type-page","status-publish","hentry"],"acf":[],"jetpack_shortlink":"https:\/\/wp.me\/PgVWrl-3xr","jetpack_sharing_enabled":true,"_links":{"self":[{"href":"https:\/\/inoxfucine.it\/it\/wp-json\/wp\/v2\/pages\/13605","targetHints":{"allow":["GET"]}}],"collection":[{"href":"https:\/\/inoxfucine.it\/it\/wp-json\/wp\/v2\/pages"}],"about":[{"href":"https:\/\/inoxfucine.it\/it\/wp-json\/wp\/v2\/types\/page"}],"author":[{"embeddable":true,"href":"https:\/\/inoxfucine.it\/it\/wp-json\/wp\/v2\/users\/1"}],"replies":[{"embeddable":true,"href":"https:\/\/inoxfucine.it\/it\/wp-json\/wp\/v2\/comments?post=13605"}],"version-history":[{"count":5,"href":"https:\/\/inoxfucine.it\/it\/wp-json\/wp\/v2\/pages\/13605\/revisions"}],"predecessor-version":[{"id":16638,"href":"https:\/\/inoxfucine.it\/it\/wp-json\/wp\/v2\/pages\/13605\/revisions\/16638"}],"wp:attachment":[{"href":"https:\/\/inoxfucine.it\/it\/wp-json\/wp\/v2\/media?parent=13605"}],"curies":[{"name":"wp","href":"https:\/\/api.w.org\/{rel}","templated":true}]}}